{"id":4561,"date":"2023-07-24T07:23:57","date_gmt":"2023-07-24T07:23:57","guid":{"rendered":"https:\/\/transmyrepuestos.com\/?post_type=product&#038;p=4561"},"modified":"2023-08-24T18:39:23","modified_gmt":"2023-08-24T18:39:23","slug":"ciguenal-cummins-big-cam","status":"publish","type":"product","link":"https:\/\/transmyrepuestos.com\/?product=ciguenal-cummins-big-cam","title":{"rendered":"Cig\u00fce\u00f1al Cummins Big Cam"},"content":{"rendered":"<h3>Ficha t\u00e9cnica<\/h3>\n<p><a href=\"https:\/\/transmyrepuestos.com\/wp-content\/uploads\/2023\/07\/FICHA-TECNICA-DE-EJEMPLO-EN-FORMATO-PDF-PARA-TRANSMYREPUESTOS.pdf\" target=\"_blank\" rel=\"noopener\">Clic aqu\u00ed para descargar la ficha t\u00e9cnica en formato PDF<\/a><\/p>\n<p>&nbsp;<\/p>\n","protected":false},"excerpt":{"rendered":"<table>\n<tbody>\n<tr>\n<th>Parte<\/th>\n<th>Marca<\/th>\n<th>Referencia<\/th>\n<th>A\u00f1o<\/th>\n<th>Condici\u00f3n<\/th>\n<\/tr>\n<tr>\n<td>Cig\u00fce\u00f1al<\/td>\n<td>Cummins Big Cam<\/td>\n<td>350<\/td>\n<td>&#8211;<\/td>\n<td>Usado<\/td>\n<\/tr>\n<\/tbody>\n<\/table>\n<p>&nbsp;<\/p>\n","protected":false},"featured_media":4714,"comment_status":"open","ping_status":"closed","template":"","meta":{"_joinchat":[]},"product_cat":[201,196],"product_tag":[],"class_list":{"0":"post-4561","1":"product","2":"type-product","3":"status-publish","4":"has-post-thumbnail","6":"product_cat-ciguenal","7":"product_cat-partes","9":"first","10":"instock","11":"shipping-taxable","12":"product-type-simple"},"_links":{"self":[{"href":"https:\/\/transmyrepuestos.com\/index.php?rest_route=\/wp\/v2\/product\/4561","targetHints":{"allow":["GET"]}}],"collection":[{"href":"https:\/\/transmyrepuestos.com\/index.php?rest_route=\/wp\/v2\/product"}],"about":[{"href":"https:\/\/transmyrepuestos.com\/index.php?rest_route=\/wp\/v2\/types\/product"}],"replies":[{"embeddable":true,"href":"https:\/\/transmyrepuestos.com\/index.php?rest_route=%2Fwp%2Fv2%2Fcomments&post=4561"}],"wp:featuredmedia":[{"embeddable":true,"href":"https:\/\/transmyrepuestos.com\/index.php?rest_route=\/wp\/v2\/media\/4714"}],"wp:attachment":[{"href":"https:\/\/transmyrepuestos.com\/index.php?rest_route=%2Fwp%2Fv2%2Fmedia&parent=4561"}],"wp:term":[{"taxonomy":"product_cat","embeddable":true,"href":"https:\/\/transmyrepuestos.com\/index.php?rest_route=%2Fwp%2Fv2%2Fproduct_cat&post=4561"},{"taxonomy":"product_tag","embeddable":true,"href":"https:\/\/transmyrepuestos.com\/index.php?rest_route=%2Fwp%2Fv2%2Fproduct_tag&post=4561"}],"curies":[{"name":"wp","href":"https:\/\/api.w.org\/{rel}","templated":true}]}}